{"id":696,"date":"2020-01-06T15:50:32","date_gmt":"2020-01-06T14:50:32","guid":{"rendered":"https:\/\/www.gardendesign-wemmel.be\/privacy\/"},"modified":"2023-02-24T14:11:51","modified_gmt":"2023-02-24T13:11:51","slug":"privacy","status":"publish","type":"page","link":"https:\/\/www.gardendesign-wemmel.be\/fr\/privacy\/","title":{"rendered":"Privacy"},"content":{"rendered":"\t\t<div data-elementor-type=\"wp-page\" data-elementor-id=\"696\" class=\"elementor elementor-696 elementor-62\">\n\t\t\t\t\t\t\t\t\t<section class=\"elementor-section elementor-top-section elementor-element elementor-element-1efeb71d elementor-section-full_width banner bannerpage elementor-section-height-default elementor-section-height-default\" data-id=\"1efeb71d\" data-element_type=\"section\" data-settings=\"{&quot;background_background&quot;:&quot;classic&quot;}\">\n\t\t\t\t\t\t<div class=\"elementor-container elementor-column-gap-default\">\n\t\t\t\t\t<div class=\"elementor-column elementor-col-100 elementor-top-column elementor-element elementor-element-384ab2d\" data-id=\"384ab2d\" data-element_type=\"column\">\n\t\t\t<div class=\"elementor-widget-wrap elementor-element-populated\">\n\t\t\t\t\t\t\t\t<div class=\"elementor-element elementor-element-17133881 banner_overlay elementor-widget elementor-widget-text-editor\" data-id=\"17133881\" data-element_type=\"widget\" data-widget_type=\"text-editor.default\">\n\t\t\t\t<div class=\"elementor-widget-container\">\n\t\t\t<style>\/*! elementor - v3.17.0 - 08-11-2023 *\/\n.elementor-widget-text-editor.elementor-drop-cap-view-stacked .elementor-drop-cap{background-color:#69727d;color:#fff}.elementor-widget-text-editor.elementor-drop-cap-view-framed .elementor-drop-cap{color:#69727d;border:3px solid;background-color:transparent}.elementor-widget-text-editor:not(.elementor-drop-cap-view-default) .elementor-drop-cap{margin-top:8px}.elementor-widget-text-editor:not(.elementor-drop-cap-view-default) .elementor-drop-cap-letter{width:1em;height:1em}.elementor-widget-text-editor .elementor-drop-cap{float:left;text-align:center;line-height:1;font-size:50px}.elementor-widget-text-editor .elementor-drop-cap-letter{display:inline-block}<\/style>\t\t\t\t<h1>Privacy<\/h1>\n<div> <\/div>\t\t\t\t\t\t<\/div>\n\t\t\t\t<\/div>\n\t\t\t\t\t<\/div>\n\t\t<\/div>\n\t\t\t\t\t\t\t<\/div>\n\t\t<\/section>\n\t\t\t\t<section class=\"elementor-section elementor-top-section elementor-element elementor-element-e3d58d0 elementor-section-boxed elementor-section-height-default elementor-section-height-default\" data-id=\"e3d58d0\" data-element_type=\"section\">\n\t\t\t\t\t\t<div class=\"elementor-container elementor-column-gap-default\">\n\t\t\t\t\t<div class=\"elementor-column elementor-col-100 elementor-top-column elementor-element elementor-element-3b0990fd\" data-id=\"3b0990fd\" data-element_type=\"column\">\n\t\t\t<div class=\"elementor-widget-wrap elementor-element-populated\">\n\t\t\t\t\t\t\t\t<div class=\"elementor-element elementor-element-13d70f47 elementor-widget elementor-widget-text-editor\" data-id=\"13d70f47\" data-element_type=\"widget\" data-widget_type=\"text-editor.default\">\n\t\t\t\t<div class=\"elementor-widget-container\">\n\t\t\t\t\t\t\t<div data-index=\"0\">\n<h1>Privacy<\/h1>\nGarden Design &amp; co, dont le si\u00e8ge social est sis Charles De Costerlaan 16, 1780 Wemmel, s&rsquo;engage \u00e0 respecter et \u00e0 respecter scrupuleusement la l\u00e9gislation europ\u00e9enne sur la protection de la vie priv\u00e9e AVG (R\u00e8glement g\u00e9n\u00e9ral sur la protection des donn\u00e9es)\u00b9 pour la protection des donn\u00e9es personnelles. Cette r\u00e9glementation s&rsquo;applique \u00e0 partir du 25 mai 2018. Les donn\u00e9es personnelles sont trait\u00e9es conform\u00e9ment \u00e0 cette l\u00e9gislation.\n<h2>VOTRE CONSENTEMENT<\/h2>\nGarden Design &amp; co ne traite les donn\u00e9es personnelles que pour se conformer \u00e0 une obligation l\u00e9gale ou si elles ont \u00e9t\u00e9 fournies pour l&rsquo;ex\u00e9cution d&rsquo;un accord. En cons\u00e9quence, vous autorisez express\u00e9ment Garden Design &amp; co \u00e0 traiter vos donn\u00e9es personnelles aux fins pr\u00e9vues. Les donn\u00e9es personnelles ne sont trait\u00e9es que dans un environnement et des syst\u00e8mes s\u00e9curis\u00e9s. Ceux-ci ne sont pas accessibles au public. Tous nos employ\u00e9s re\u00e7oivent \u00e9galement des directives claires et sont sensibilis\u00e9s et mis au courant de la manipulation et du traitement de vos donn\u00e9es personnelles.\n<h2>UTILISATION DE VOS DONNEES PERSONNELLES<\/h2>\n<strong>Garden design &amp; co garantit que :<\/strong>\n<ul>\n \t<li>vos donn\u00e9es personnelles ne sont collect\u00e9es et trait\u00e9es que pour pouvoir ex\u00e9cuter la mission que vous avez demand\u00e9e ou pour se conformer aux services juridiques\u00a0;<\/li>\n \t<li>vos donn\u00e9es personnelles ne seront trait\u00e9es que dans un pays appartenant \u00e0 l&rsquo;Union europ\u00e9enne\u00a0;<\/li>\n \t<li>le traitement de vos donn\u00e9es personnelles est limit\u00e9 \u00e0 la finalit\u00e9 poursuivie ;<\/li>\n \t<li>vos donn\u00e9es personnelles ne seront conserv\u00e9es que pendant la dur\u00e9e du service, sauf si une dur\u00e9e de conservation l\u00e9gale plus longue est requise\u00a0;<\/li>\n \t<li>vos donn\u00e9es personnelles ne peuvent \u00eatre transmises qu&rsquo;\u00e0 d&rsquo;autres organismes, pour se conformer \u00e0 des obligations l\u00e9gales, ou \u00e0 la demande expresse des autorit\u00e9s judiciaires ou des services de police ;<\/li>\n \t<li>En aucun cas vos donn\u00e9es personnelles ne seront transmises \u00e0 des tiers, ni utilis\u00e9es \u00e0 des fins de marketing direct ;<\/li>\n<\/ul>\n<strong>Vos droits en tant que personne concern\u00e9e<\/strong>\n<ul>\n \t<li>Vous avez toujours le droit (l\u00e9gal) de consulter vos donn\u00e9es personnelles.<\/li>\n \t<li>Vous avez toujours le droit (l\u00e9gal) de compl\u00e9ter ou de corriger tout ou partie de vos donn\u00e9es personnelles. Si Garden Design &#038; Co n&rsquo;a plus de raisons l\u00e9gales concernant le traitement ult\u00e9rieur de vos donn\u00e9es, ou si vos donn\u00e9es ne sont plus n\u00e9cessaires pour le service pr\u00e9vu, vous avez le droit de faire supprimer vos donn\u00e9es personnelles.<\/li>\n<\/ul>\n<h2>QUESTIONS CONCERNANT LE TRAITEMENT DES DONN\u00c9ES PERSONNELLES<\/h2>\nLes questions concernant le traitement de vos donn\u00e9es personnelles ou les demandes concernant les donn\u00e9es que nous traitons pour vous peuvent \u00eatre adress\u00e9es au responsable. Cela peut \u00eatre fait par courrier \u00e0 Charles De Costerlaan 16, 1780 Wemmel, ou en envoyant un e-mail \u00e0 info@gardendesign-wemmel.be. Nous nous engageons \u00e0 r\u00e9pondre \u00e0 votre question ou demande dans un d\u00e9lai de 20 jours ouvr\u00e9s.\n\nSi vous pensez que vos donn\u00e9es sont trait\u00e9es ill\u00e9galement, vous pouvez toujours contacter la CPP (Commission pour la protection de la vie priv\u00e9e), \u00e9galement connue sous le nom de Commission de la vie priv\u00e9e, via l&rsquo;adresse e-mail commission@privacycommission.be.\n\n\u00b9 R\u00e8glement (UE) 2016\/679 du Parlement europ\u00e9en et du Conseil du 27 avril 2016 relatif \u00e0 la protection des personnes physiques \u00e0 l&rsquo;\u00e9gard du traitement des donn\u00e9es \u00e0 caract\u00e8re personnel et \u00e0 la libre circulation de ces donn\u00e9es.\n<\/div>\t\t\t\t\t\t<\/div>\n\t\t\t\t<\/div>\n\t\t\t\t\t<\/div>\n\t\t<\/div>\n\t\t\t\t\t\t\t<\/div>\n\t\t<\/section>\n\t\t\t\t\t\t\t<\/div>\n\t\t","protected":false},"excerpt":{"rendered":"<p>Privacy Privacy Garden Design &amp; co, dont le si\u00e8ge social est sis Charles De Costerlaan 16, 1780 Wemmel, s&rsquo;engage \u00e0 respecter et \u00e0 respecter scrupuleusement la l\u00e9gislation europ\u00e9enne sur la protection de la vie priv\u00e9e AVG (R\u00e8glement g\u00e9n\u00e9ral sur la protection des donn\u00e9es)\u00b9 pour la protection des donn\u00e9es personnelles. Cette r\u00e9glementation s&rsquo;applique \u00e0 partir du [&hellip;]<\/p>\n","protected":false},"author":1,"featured_media":0,"parent":0,"menu_order":0,"comment_status":"closed","ping_status":"closed","template":"","meta":{"_eb_attr":"","footnotes":""},"yoast_head":"<!-- This site is optimized with the Yoast SEO plugin v21.5 - https:\/\/yoast.com\/wordpress\/plugins\/seo\/ -->\n<title>Privacy - Garden Design - Wemmel<\/title>\n<meta name=\"robots\" content=\"index, follow, max-snippet:-1, max-image-preview:large, max-video-preview:-1\" \/>\n<link rel=\"canonical\" href=\"https:\/\/www.gardendesign-wemmel.be\/fr\/privacy\/\" \/>\n<meta property=\"og:locale\" content=\"fr_FR\" \/>\n<meta property=\"og:type\" content=\"article\" \/>\n<meta property=\"og:title\" content=\"Privacy - Garden Design - Wemmel\" \/>\n<meta property=\"og:description\" content=\"Privacy Privacy Garden Design &amp; co, dont le si\u00e8ge social est sis Charles De Costerlaan 16, 1780 Wemmel, s&rsquo;engage \u00e0 respecter et \u00e0 respecter scrupuleusement la l\u00e9gislation europ\u00e9enne sur la protection de la vie priv\u00e9e AVG (R\u00e8glement g\u00e9n\u00e9ral sur la protection des donn\u00e9es)\u00b9 pour la protection des donn\u00e9es personnelles. Cette r\u00e9glementation s&rsquo;applique \u00e0 partir du [&hellip;]\" \/>\n<meta property=\"og:url\" content=\"https:\/\/www.gardendesign-wemmel.be\/fr\/privacy\/\" \/>\n<meta property=\"og:site_name\" content=\"Garden Design - Wemmel\" \/>\n<meta property=\"article:modified_time\" content=\"2023-02-24T13:11:51+00:00\" \/>\n<meta name=\"twitter:card\" content=\"summary_large_image\" \/>\n<meta name=\"twitter:label1\" content=\"Dur\u00e9e de lecture estim\u00e9e\" \/>\n\t<meta name=\"twitter:data1\" content=\"3 minutes\" \/>\n<script type=\"application\/ld+json\" class=\"yoast-schema-graph\">{\"@context\":\"https:\/\/schema.org\",\"@graph\":[{\"@type\":\"WebPage\",\"@id\":\"https:\/\/www.gardendesign-wemmel.be\/fr\/privacy\/\",\"url\":\"https:\/\/www.gardendesign-wemmel.be\/fr\/privacy\/\",\"name\":\"Privacy - Garden Design - Wemmel\",\"isPartOf\":{\"@id\":\"https:\/\/www.gardendesign-wemmel.be\/fr\/#website\"},\"datePublished\":\"2020-01-06T14:50:32+00:00\",\"dateModified\":\"2023-02-24T13:11:51+00:00\",\"breadcrumb\":{\"@id\":\"https:\/\/www.gardendesign-wemmel.be\/fr\/privacy\/#breadcrumb\"},\"inLanguage\":\"fr-FR\",\"potentialAction\":[{\"@type\":\"ReadAction\",\"target\":[\"https:\/\/www.gardendesign-wemmel.be\/fr\/privacy\/\"]}]},{\"@type\":\"BreadcrumbList\",\"@id\":\"https:\/\/www.gardendesign-wemmel.be\/fr\/privacy\/#breadcrumb\",\"itemListElement\":[{\"@type\":\"ListItem\",\"position\":1,\"name\":\"Home\",\"item\":\"https:\/\/www.gardendesign-wemmel.be\/fr\/\"},{\"@type\":\"ListItem\",\"position\":2,\"name\":\"Privacy\"}]},{\"@type\":\"WebSite\",\"@id\":\"https:\/\/www.gardendesign-wemmel.be\/fr\/#website\",\"url\":\"https:\/\/www.gardendesign-wemmel.be\/fr\/\",\"name\":\"Garden Design - Wemmel\",\"description\":\"\",\"potentialAction\":[{\"@type\":\"SearchAction\",\"target\":{\"@type\":\"EntryPoint\",\"urlTemplate\":\"https:\/\/www.gardendesign-wemmel.be\/fr\/?s={search_term_string}\"},\"query-input\":\"required name=search_term_string\"}],\"inLanguage\":\"fr-FR\"}]}<\/script>\n<!-- \/ Yoast SEO plugin. -->","yoast_head_json":{"title":"Privacy - Garden Design - Wemmel","robots":{"index":"index","follow":"follow","max-snippet":"max-snippet:-1","max-image-preview":"max-image-preview:large","max-video-preview":"max-video-preview:-1"},"canonical":"https:\/\/www.gardendesign-wemmel.be\/fr\/privacy\/","og_locale":"fr_FR","og_type":"article","og_title":"Privacy - Garden Design - Wemmel","og_description":"Privacy Privacy Garden Design &amp; co, dont le si\u00e8ge social est sis Charles De Costerlaan 16, 1780 Wemmel, s&rsquo;engage \u00e0 respecter et \u00e0 respecter scrupuleusement la l\u00e9gislation europ\u00e9enne sur la protection de la vie priv\u00e9e AVG (R\u00e8glement g\u00e9n\u00e9ral sur la protection des donn\u00e9es)\u00b9 pour la protection des donn\u00e9es personnelles. Cette r\u00e9glementation s&rsquo;applique \u00e0 partir du [&hellip;]","og_url":"https:\/\/www.gardendesign-wemmel.be\/fr\/privacy\/","og_site_name":"Garden Design - Wemmel","article_modified_time":"2023-02-24T13:11:51+00:00","twitter_card":"summary_large_image","twitter_misc":{"Dur\u00e9e de lecture estim\u00e9e":"3 minutes"},"schema":{"@context":"https:\/\/schema.org","@graph":[{"@type":"WebPage","@id":"https:\/\/www.gardendesign-wemmel.be\/fr\/privacy\/","url":"https:\/\/www.gardendesign-wemmel.be\/fr\/privacy\/","name":"Privacy - Garden Design - Wemmel","isPartOf":{"@id":"https:\/\/www.gardendesign-wemmel.be\/fr\/#website"},"datePublished":"2020-01-06T14:50:32+00:00","dateModified":"2023-02-24T13:11:51+00:00","breadcrumb":{"@id":"https:\/\/www.gardendesign-wemmel.be\/fr\/privacy\/#breadcrumb"},"inLanguage":"fr-FR","potentialAction":[{"@type":"ReadAction","target":["https:\/\/www.gardendesign-wemmel.be\/fr\/privacy\/"]}]},{"@type":"BreadcrumbList","@id":"https:\/\/www.gardendesign-wemmel.be\/fr\/privacy\/#breadcrumb","itemListElement":[{"@type":"ListItem","position":1,"name":"Home","item":"https:\/\/www.gardendesign-wemmel.be\/fr\/"},{"@type":"ListItem","position":2,"name":"Privacy"}]},{"@type":"WebSite","@id":"https:\/\/www.gardendesign-wemmel.be\/fr\/#website","url":"https:\/\/www.gardendesign-wemmel.be\/fr\/","name":"Garden Design - Wemmel","description":"","potentialAction":[{"@type":"SearchAction","target":{"@type":"EntryPoint","urlTemplate":"https:\/\/www.gardendesign-wemmel.be\/fr\/?s={search_term_string}"},"query-input":"required name=search_term_string"}],"inLanguage":"fr-FR"}]}},"_links":{"self":[{"href":"https:\/\/www.gardendesign-wemmel.be\/fr\/wp-json\/wp\/v2\/pages\/696"}],"collection":[{"href":"https:\/\/www.gardendesign-wemmel.be\/fr\/wp-json\/wp\/v2\/pages"}],"about":[{"href":"https:\/\/www.gardendesign-wemmel.be\/fr\/wp-json\/wp\/v2\/types\/page"}],"author":[{"embeddable":true,"href":"https:\/\/www.gardendesign-wemmel.be\/fr\/wp-json\/wp\/v2\/users\/1"}],"replies":[{"embeddable":true,"href":"https:\/\/www.gardendesign-wemmel.be\/fr\/wp-json\/wp\/v2\/comments?post=696"}],"version-history":[{"count":4,"href":"https:\/\/www.gardendesign-wemmel.be\/fr\/wp-json\/wp\/v2\/pages\/696\/revisions"}],"predecessor-version":[{"id":700,"href":"https:\/\/www.gardendesign-wemmel.be\/fr\/wp-json\/wp\/v2\/pages\/696\/revisions\/700"}],"wp:attachment":[{"href":"https:\/\/www.gardendesign-wemmel.be\/fr\/wp-json\/wp\/v2\/media?parent=696"}],"curies":[{"name":"wp","href":"https:\/\/api.w.org\/{rel}","templated":true}]}}